{"id":679,"date":"2017-01-27T17:52:34","date_gmt":"2017-01-27T16:52:34","guid":{"rendered":"http:\/\/www.italianministries.org\/de\/?page_id=679"},"modified":"2017-03-08T15:32:54","modified_gmt":"2017-03-08T14:32:54","slug":"gmi","status":"publish","type":"page","link":"https:\/\/www.italianministries.org\/de\/gmi\/","title":{"rendered":"GMI"},"content":{"rendered":"<p>[et_pb_section transparent_background=&#8220;off&#8220; allow_player_pause=&#8220;off&#8220; inner_shadow=&#8220;off&#8220; parallax=&#8220;off&#8220; parallax_method=&#8220;on&#8220; make_fullwidth=&#8220;off&#8220; use_custom_width=&#8220;off&#8220; width_unit=&#8220;off&#8220; custom_width_px=&#8220;1080px&#8220; custom_width_percent=&#8220;80%&#8220; make_equal=&#8220;off&#8220; use_custom_gutter=&#8220;off&#8220; fullwidth=&#8220;off&#8220; specialty=&#8220;off&#8220; admin_label=&#8220;section&#8220; disabled=&#8220;off&#8220;][et_pb_row make_fullwidth=&#8220;off&#8220; use_custom_width=&#8220;off&#8220; width_unit=&#8220;off&#8220; custom_width_px=&#8220;1080px&#8220; custom_width_percent=&#8220;80%&#8220; use_custom_gutter=&#8220;off&#8220; gutter_width=&#8220;3&#8243; allow_player_pause=&#8220;off&#8220; parallax=&#8220;off&#8220; parallax_method=&#8220;on&#8220; make_equal=&#8220;off&#8220; parallax_1=&#8220;off&#8220; parallax_method_1=&#8220;on&#8220; parallax_2=&#8220;off&#8220; parallax_method_2=&#8220;on&#8220; parallax_3=&#8220;off&#8220; parallax_method_3=&#8220;on&#8220; parallax_4=&#8220;off&#8220; parallax_method_4=&#8220;on&#8220; admin_label=&#8220;row&#8220; disabled=&#8220;off&#8220;][et_pb_column type=&#8220;4_4&#8243; disabled=&#8220;off&#8220; parallax=&#8220;off&#8220; parallax_method=&#8220;on&#8220;][et_pb_text background_layout=&#8220;light&#8220; text_orientation=&#8220;left&#8220; admin_label=&#8220;Testo&#8220; use_border_color=&#8220;off&#8220; border_style=&#8220;solid&#8220; disabled=&#8220;off&#8220;]<\/p>\n<p><strong>GMI &#8211; (Gruppe italienischer Missionare) ist eine Missionsgesellschaft, die sich als Dienstleistung f\u00fcr Italiener im missionarischen Dienst versteht. Sie wurde als dynamische und funktionale Gruppe entwickelt, hat ihre Struktur innerhalb von Italian Ministries und nutzt deren Ressourcen.<\/strong><\/p>\n<p><strong>Unsere Vision<\/strong>: den Einsatz von Italienern in der Mission zu erm\u00f6glichen.\u00a0<strong>Unsere Mission<\/strong>: missionarische Dienstleistungen anzubieten.<br \/>\n<strong>Unsere Werte<\/strong>: das Wort Gottes, Gebet, Glaube; ein Herz f\u00fcr Verlorene, Begeisterung f\u00fcr die Herrlichkeit Gottes; Vision f\u00fcr Mission und missionarischer Lebensstil.<\/p>\n<p>[\/et_pb_text][\/et_pb_column][\/et_pb_row][et_pb_row make_fullwidth=&#8220;off&#8220; use_custom_width=&#8220;off&#8220; width_unit=&#8220;off&#8220; custom_width_px=&#8220;1080px&#8220; custom_width_percent=&#8220;80%&#8220; use_custom_gutter=&#8220;off&#8220; gutter_width=&#8220;3&#8243; custom_padding=&#8220;0px|0px|25.015625px|0px&#8220; allow_player_pause=&#8220;off&#8220; parallax=&#8220;off&#8220; parallax_method=&#8220;on&#8220; make_equal=&#8220;off&#8220; parallax_1=&#8220;off&#8220; parallax_method_1=&#8220;on&#8220; parallax_2=&#8220;off&#8220; parallax_method_2=&#8220;on&#8220; parallax_3=&#8220;off&#8220; parallax_method_3=&#8220;on&#8220; parallax_4=&#8220;off&#8220; parallax_method_4=&#8220;on&#8220; admin_label=&#8220;row&#8220; disabled=&#8220;off&#8220;][et_pb_column type=&#8220;1_2&#8243; disabled=&#8220;off&#8220; parallax=&#8220;off&#8220; parallax_method=&#8220;on&#8220;][et_pb_text background_layout=&#8220;light&#8220; text_orientation=&#8220;left&#8220; admin_label=&#8220;Testo&#8220; use_border_color=&#8220;off&#8220; border_style=&#8220;solid&#8220; disabled=&#8220;off&#8220;]<\/p>\n<p><strong>GMI: \u00dcBER UNS<\/strong><br \/>\nDabei folgt sie \u00e4hnlichen, internationalen Vorbildern (z.B. der Deutschen Missionsgemeinschaft DMG):<br \/>\n\u2022 GMI existiert, um Italienern den Missionsdienst zu erm\u00f6glichen.<br \/>\n\u2022 GMI will als missionarische Dienstleistungsorganisation die lokalen Gemeinden seri\u00f6s und auf praktische Weise unterst\u00fctzen, Missionare auszusenden.<br \/>\n\u2022 entsteht, um italienischen Missionaren, der Mission in Italien und der Mission aus Italien zu dienen.<br \/>\n\u2022 entsteht als Dienst an der lokalen, sendenden Gemeinde.<br \/>\n\u2022 entsteht mit dem Ziel, die Vision f\u00fcr Mission in und aus Italien zu f\u00f6rdern.<br \/>\nEine wichtige Charakteristik von GMI ist, dass sie italienischen Missionaren ihren Dienst sowohl im Inland als auch im Ausland erm\u00f6glichen will.<\/p>\n<p>[\/et_pb_text][et_pb_text background_layout=&#8220;light&#8220; text_orientation=&#8220;left&#8220; admin_label=&#8220;Testo&#8220; use_border_color=&#8220;off&#8220; border_style=&#8220;solid&#8220; disabled=&#8220;off&#8220;]<\/p>\n<p><strong>GMI UND FINANZEN<\/strong><br \/>\n\u2022 GMI versteht sich als \u201eGlaubensmission\u201c. Jeder Missionar wird deshalb ermutigt, im Glauben zu leben und Gott f\u00fcr seine finanzielle Versorgung im Dienst zu vertrauen.<br \/>\n\u2022 Wo immer m\u00f6glich, wird GMI versuchen, ihren Missionaren in dieser wichtigen Angelegenheit zu unterst\u00fctzen.<br \/>\n\u2022 GMI erh\u00e4lt vom Missionar keine finanziellen Beitr\u00e4ge.<\/p>\n<p>[\/et_pb_text][\/et_pb_column][et_pb_column type=&#8220;1_2&#8243; disabled=&#8220;off&#8220; parallax=&#8220;off&#8220; parallax_method=&#8220;on&#8220;][et_pb_text background_layout=&#8220;light&#8220; text_orientation=&#8220;left&#8220; admin_label=&#8220;Testo&#8220; use_border_color=&#8220;off&#8220; border_style=&#8220;solid&#8220; disabled=&#8220;off&#8220;]<\/p>\n<p><strong>GMI UND DIE LOKALEN GEMEINDEN<\/strong><br \/>\nWo immer ein Italiener von Gott in den Dienst gerufen und von der lokalen Gemeinde ausgesandt wird, setzt sich GMI voll daf\u00fcr ein, diesen Dienst zu erm\u00f6glichen.<br \/>\n\u2022 GMI versteht sich nicht als Ersatz f\u00fcr die lokale Gemeinde.<br \/>\n\u2022 GMI sendet keine Missionare direkt aus<br \/>\n\u2022 GMI hat keine geografischen Begrenzungen.<br \/>\n\u2022 GMI dirigiert und manipuliert ihre Missionare nicht in ihren direkten Aufgaben vor Ort.<br \/>\n\u2022 GMI sieht sich als Unterst\u00fctzung der lokalen Gemeinde.<br \/>\n\u2022 GMI betreut einen Missionar nur aufgrund eines Mandats der lokalen Gemeinde.<br \/>\n\u2022\u00a0GMI k\u00fcmmert sich darum, dass eine pastorale Betreuung und Unterst\u00fctzung f\u00fcr den Missionar vor Ort gew\u00e4hrleistet wird.<\/p>\n<p>[\/et_pb_text][et_pb_text background_layout=&#8220;light&#8220; text_orientation=&#8220;left&#8220; admin_label=&#8220;Testo&#8220; use_border_color=&#8220;off&#8220; border_style=&#8220;solid&#8220; disabled=&#8220;off&#8220;]<\/p>\n<p><strong>WER KANN GMI BEITRETEN?<\/strong><br \/>\nGMI nimmt Missionare auf, die von Gott berufen sind und:<br \/>\n\u2022 von einer lokalen Gemeinde ausgesandt\/delegiert werden.<br \/>\n\u2022 bereit sind, sich in den Dienst Gottes zu stellen.<br \/>\n\u2022 f\u00fcr den missionarischen Dienst entsprechend ausgebildet und vorbereitet sind.<br \/>\n\u2022 die Struktur von GMI akzeptieren.<br \/>\n\u2022 Teil des missionarischen Netzwerkes von IM sind. Die Aufnahme in GMI erfolgt nach einer ausgedehnten Pr\u00fcfung des Kandidaten in enger Verbindung mit der lokalen Gemeinde.<\/p>\n<p>[\/et_pb_text][\/et_pb_column][\/et_pb_row][et_pb_row make_fullwidth=&#8220;off&#8220; use_custom_width=&#8220;off&#8220; width_unit=&#8220;off&#8220; custom_width_px=&#8220;1080px&#8220; custom_width_percent=&#8220;80%&#8220; use_custom_gutter=&#8220;off&#8220; gutter_width=&#8220;3&#8243; allow_player_pause=&#8220;off&#8220; parallax=&#8220;off&#8220; parallax_method=&#8220;on&#8220; make_equal=&#8220;off&#8220; parallax_1=&#8220;off&#8220; parallax_method_1=&#8220;on&#8220; parallax_2=&#8220;off&#8220; parallax_method_2=&#8220;on&#8220; parallax_3=&#8220;off&#8220; parallax_method_3=&#8220;on&#8220; parallax_4=&#8220;off&#8220; parallax_method_4=&#8220;on&#8220; admin_label=&#8220;row&#8220; disabled=&#8220;off&#8220;][et_pb_column type=&#8220;4_4&#8243; disabled=&#8220;off&#8220; parallax=&#8220;off&#8220; parallax_method=&#8220;on&#8220;][et_pb_text background_layout=&#8220;light&#8220; text_orientation=&#8220;left&#8220; admin_label=&#8220;Testo&#8220; use_border_color=&#8220;off&#8220; border_style=&#8220;solid&#8220; disabled=&#8220;off&#8220;] F\u00fcr weitere Informationen: missioneGMI@gmail.com [\/et_pb_text][\/et_pb_column][\/et_pb_row][\/et_pb_section]<\/p>\n","protected":false},"excerpt":{"rendered":"<p>GMI &#8211; (Gruppe italienischer Missionare) ist eine Missionsgesellschaft, die sich als Dienstleistung f\u00fcr Italiener im missionarischen Dienst versteht. Sie wurde als dynamische und funktionale Gruppe entwickelt, hat ihre Struktur innerhalb von Italian Ministries und nutzt deren Ressourcen. Unsere Vision: den Einsatz von Italienern in der Mission zu erm\u00f6glichen.\u00a0Unsere Mission: missionarische Dienstleistungen anzubieten. Unsere Werte: das [&hellip;]<\/p>\n","protected":false},"author":2,"featured_media":0,"parent":0,"menu_order":29,"comment_status":"closed","ping_status":"closed","template":"","meta":{"_et_pb_use_builder":"on","_et_pb_old_content":"","_et_gb_content_width":"","footnotes":""},"class_list":["post-679","page","type-page","status-publish","hentry"],"_links":{"self":[{"href":"https:\/\/www.italianministries.org\/de\/wp-json\/wp\/v2\/pages\/679","targetHints":{"allow":["GET"]}}],"collection":[{"href":"https:\/\/www.italianministries.org\/de\/wp-json\/wp\/v2\/pages"}],"about":[{"href":"https:\/\/www.italianministries.org\/de\/wp-json\/wp\/v2\/types\/page"}],"author":[{"embeddable":true,"href":"https:\/\/www.italianministries.org\/de\/wp-json\/wp\/v2\/users\/2"}],"replies":[{"embeddable":true,"href":"https:\/\/www.italianministries.org\/de\/wp-json\/wp\/v2\/comments?post=679"}],"version-history":[{"count":9,"href":"https:\/\/www.italianministries.org\/de\/wp-json\/wp\/v2\/pages\/679\/revisions"}],"predecessor-version":[{"id":1467,"href":"https:\/\/www.italianministries.org\/de\/wp-json\/wp\/v2\/pages\/679\/revisions\/1467"}],"wp:attachment":[{"href":"https:\/\/www.italianministries.org\/de\/wp-json\/wp\/v2\/media?parent=679"}],"curies":[{"name":"wp","href":"https:\/\/api.w.org\/{rel}","templated":true}]}}