{"id":674,"date":"2017-01-27T17:46:03","date_gmt":"2017-01-27T16:46:03","guid":{"rendered":"http:\/\/www.italianministries.org\/de\/?page_id=674"},"modified":"2023-03-14T10:13:33","modified_gmt":"2023-03-14T09:13:33","slug":"spenden","status":"publish","type":"page","link":"https:\/\/www.italianministries.org\/de\/spenden\/","title":{"rendered":"Spenden"},"content":{"rendered":"<p>[et_pb_section fb_built=&#8220;1&#8243; fullwidth=&#8220;on&#8220; _builder_version=&#8220;4.16&#8243; global_colors_info=&#8220;{}&#8220;][et_pb_fullwidth_image src=&#8220;https:\/\/www.italianministries.org\/wp-content\/uploads\/2017\/01\/spenden.jpg&#8220; _builder_version=&#8220;4.16&#8243; animation_style=&#8220;slide&#8220; animation_direction=&#8220;left&#8220; animation_duration=&#8220;500ms&#8220; animation_intensity_slide=&#8220;10%&#8220; animation=&#8220;left&#8220; use_border_color=&#8220;off&#8220; border_color=&#8220;#ffffff&#8220; border_style=&#8220;solid&#8220; global_colors_info=&#8220;{}&#8220;][\/et_pb_fullwidth_image][\/et_pb_section][et_pb_section fb_built=&#8220;1&#8243; admin_label=&#8220;section&#8220; _builder_version=&#8220;4.16&#8243; global_colors_info=&#8220;{}&#8220;][et_pb_row admin_label=&#8220;row&#8220; _builder_version=&#8220;4.16&#8243; background_size=&#8220;initial&#8220; background_position=&#8220;top_left&#8220; background_repeat=&#8220;repeat&#8220; global_colors_info=&#8220;{}&#8220;][et_pb_column type=&#8220;4_4&#8243; _builder_version=&#8220;4.16&#8243; custom_padding=&#8220;|||&#8220; global_colors_info=&#8220;{}&#8220; custom_padding__hover=&#8220;|||&#8220;][et_pb_text _builder_version=&#8220;4.17.3&#8243; background_size=&#8220;initial&#8220; background_position=&#8220;top_left&#8220; background_repeat=&#8220;repeat&#8220; hover_enabled=&#8220;0&#8243; border_style=&#8220;solid&#8220; global_colors_info=&#8220;{}&#8220; sticky_enabled=&#8220;0&#8243;]<\/p>\n<p><strong>&#8222;Aber so wie ihr in allem \u00fcberstr\u00f6mend seid: in Glauben und Wort und Erkenntnis und allem Eifer und der Liebe, die von uns in euch geweckt ist, so m\u00f6get ihr auch in diesem Gnadenwerk \u00fcberstr\u00f6mend sein.&#8220; 2. Korinther 8,7 (Elberfelder)<\/strong><\/p>\n<p><strong>Spenden Sie!<\/strong><br \/>Als Mission glauben wir, dass die Missionsarbeit eine geteilte Aufgabe darstellt, zu der wir alle in unterschiedlicher Weise beitragen k\u00f6nnen. Es ist sowohl unsere als auch Ihre Arbeit. Als Leib Jesu arbeiten wir zusammen. Ebenso legt Gott es Menschen unterschiedlich ans Herz, zu spenden. Spenden ist ein Vorrecht und gleichzeitig einen Dienst. Sie k\u00f6nnen einen enorm wichtigen Beitrag leisten, indem Sie Missionaren helfen, einen effektiven Dienst zu tun. Unser Ziel ist es, eine langfristige und erf\u00fcllende Beziehung zwischen Ihnen und den Missionaren zu schaffen. Durch Ihre Gaben und Ihre Gebete m\u00f6chte Gott gro\u00dfe Dinge bewirken.<br \/>Die Informationen auf dieser Seite sollen Sie in Ihrem Geben unterst\u00fctzen. Falls Sie sich entscheiden, uns zu helfen oder falls wir Ihnen in irgendeiner Weise dienen k\u00f6nnen, lassen Sie es uns bitte wissen.<\/p>\n<p><strong>Wof\u00fcr spenden?<\/strong><br \/>Es gibt viele Aspekte des Dienstes, die Gaben ben\u00f6tigen:<br \/>&#8211; Finanzielle Unterst\u00fctzung eines italienischen Missionaren.<br \/>&#8211; Literaturvervielf\u00e4ltigung.<br \/>&#8211; Femi B\u00fcro (Verwaltung).<br \/>&#8211; Trainingsprogramme f\u00fcr Gl\u00e4ubige und Leiter.<br \/>&#8211; Ausbau des Missionsdienstes in Italien.<br \/>&#8211; Unterst\u00fctzen Sie eine spezielle FEMI Veranstaltung (Konferenz &#8211; oder Missionskongress).<br \/>-&#8230; und viele andere M\u00f6glichkeiten.<\/p>\n<p><strong>Spenden<\/strong><br \/>&#8222;Italian Ministries&#8220; ist eine gemeinn\u00fctzige Organisation, die finanziell von Gott abh\u00e4ngig ist. Wir glauben, dass Er diesen Dienst ins Leben gerufen hat und dass Er, durch die Geschenke seiner Kinder, f\u00fcr unsere N\u00f6te weiterhin sorgen wird. Deshalb laden wir Sie ein, sich den vielen anderen anzuschlie\u00dfen, die diesen Dienst bereits finanziell unterst\u00fctzen. Ihre regelm\u00e4\u00dfigen Beitr\u00e4ge sind f\u00fcr &#8222;Italian Ministries&#8220; und deren Missionare enorm wichtig, weil wir damit wissen, womit wir rechnen d\u00fcrfen und so unseren Dienst besser vorausplanen k\u00f6nnen. Beten Sie doch, dass Gott Ihnen zeigen m\u00f6ge, zu welcher der untenstehenden M\u00f6glichkeiten sie sich verpflichten k\u00f6nnen.<br \/>Falls Sie Fragen haben, erreichen Sie uns telefonisch unter der Nummer 0039 523 453281. Wir w\u00fcrden uns gerne mit Ihnen unterhalten. Sie k\u00f6nnen uns aber auch via Email unter der folgenden Adresse erreichen:info@italianministries.org<\/p>\n<p><strong>in Deutschland<\/strong><\/p>\n<p>F\u00fcr Ihre Spenden f\u00fcr \u201eItalian Ministries D\u201c benutzen Sie bitte die folgende Bankverbindung:<\/p>\n<p><strong>Spenden an: Italian Ministries Deutschalnd,\u00a0Giessen<\/strong><br \/><strong>Bankkonto: IBAN DE30 5185 0079 0027 2098 74<\/strong><br \/><strong>Bei: Sparkasse Oberhessen<\/strong><\/p>\n<p>Bitte geben Sie den Zweck Ihrer Spende an. Alle Spenden sind von den Steuern abziehbar. Eine Spendenbescheinigung wird Ihnen zugesandt. Zu diesem Zweck teilen Sie bitte mit der \u00dcberweisung oder auch gesondert per email oder Brief ihre Postanschrift mit.<\/p>\n<p><strong>VERWENDUNGSZWECK!<br \/><\/strong><strong>Missionar\/Projekt:\u00a0<\/strong><strong><em>Bitte vergessen sie nicht Ihren Namen und Adresse anzugeben oder uns diese gesondert per email mitzuteilen.\u00a0Wir brauchen diese um Ihnen Anfang des neuen Jahres eine Spendenquittung auszustellen. Danke<\/em><\/strong><br \/>Falls kein spezieller Zweck vermerkt wurde, bestimmt der Vorstand von IM in einer j\u00e4hrlichen Strategieplanung, wof\u00fcr die Spenden ausgegeben werden. Zum Gro\u00dfteil werden sie in einen allgemeinen Fond flie\u00dfen, der der Unterst\u00fctzung der Missionare in Italien dient.<br \/>Vielen Dank f\u00fcr Ihre Opferbereitschaft! Ohne Gott und auch ohne Sie kann dieser Dienst nicht weitergehen.<\/p>\n<div>\u00a0<\/div>\n<p>[\/et_pb_text][\/et_pb_column][\/et_pb_row][\/et_pb_section]<\/p>\n","protected":false},"excerpt":{"rendered":"<p>&#8222;Aber so wie ihr in allem \u00fcberstr\u00f6mend seid: in Glauben und Wort und Erkenntnis und allem Eifer und der Liebe, die von uns in euch geweckt ist, so m\u00f6get ihr auch in diesem Gnadenwerk \u00fcberstr\u00f6mend sein.&#8220; 2. Korinther 8,7 (Elberfelder) Spenden Sie!Als Mission glauben wir, dass die Missionsarbeit eine geteilte Aufgabe darstellt, zu der wir [&hellip;]<\/p>\n","protected":false},"author":2,"featured_media":0,"parent":0,"menu_order":20,"comment_status":"closed","ping_status":"closed","template":"","meta":{"_et_pb_use_builder":"on","_et_pb_old_content":"","_et_gb_content_width":"","footnotes":""},"class_list":["post-674","page","type-page","status-publish","hentry"],"_links":{"self":[{"href":"https:\/\/www.italianministries.org\/de\/wp-json\/wp\/v2\/pages\/674","targetHints":{"allow":["GET"]}}],"collection":[{"href":"https:\/\/www.italianministries.org\/de\/wp-json\/wp\/v2\/pages"}],"about":[{"href":"https:\/\/www.italianministries.org\/de\/wp-json\/wp\/v2\/types\/page"}],"author":[{"embeddable":true,"href":"https:\/\/www.italianministries.org\/de\/wp-json\/wp\/v2\/users\/2"}],"replies":[{"embeddable":true,"href":"https:\/\/www.italianministries.org\/de\/wp-json\/wp\/v2\/comments?post=674"}],"version-history":[{"count":7,"href":"https:\/\/www.italianministries.org\/de\/wp-json\/wp\/v2\/pages\/674\/revisions"}],"predecessor-version":[{"id":3871,"href":"https:\/\/www.italianministries.org\/de\/wp-json\/wp\/v2\/pages\/674\/revisions\/3871"}],"wp:attachment":[{"href":"https:\/\/www.italianministries.org\/de\/wp-json\/wp\/v2\/media?parent=674"}],"curies":[{"name":"wp","href":"https:\/\/api.w.org\/{rel}","templated":true}]}}