{"id":666,"date":"2017-01-27T17:34:29","date_gmt":"2017-01-27T16:34:29","guid":{"rendered":"http:\/\/www.italianministries.org\/de\/?page_id=666"},"modified":"2017-02-08T13:55:59","modified_gmt":"2017-02-08T12:55:59","slug":"666-2","status":"publish","type":"page","link":"https:\/\/www.italianministries.org\/de\/666-2\/","title":{"rendered":"Unsere Aktivit\u00e4ten"},"content":{"rendered":"<p>[et_pb_section admin_label=&#8220;Sezione&#8220; fullwidth=&#8220;on&#8220; specialty=&#8220;off&#8220;][et_pb_fullwidth_image admin_label=&#8220;Immagine a Larghezza Intera&#8220; src=&#8220;http:\/\/www.italianministries.org\/wp-content\/uploads\/2017\/01\/unsere2.jpg&#8220; show_in_lightbox=&#8220;off&#8220; url_new_window=&#8220;off&#8220; use_overlay=&#8220;off&#8220; animation=&#8220;left&#8220; use_border_color=&#8220;off&#8220; border_color=&#8220;#ffffff&#8220; border_style=&#8220;solid&#8220;] [\/et_pb_fullwidth_image][\/et_pb_section][et_pb_section admin_label=&#8220;section&#8220;][et_pb_row admin_label=&#8220;row&#8220;][et_pb_column type=&#8220;4_4&#8243;][et_pb_text admin_label=&#8220;Testo&#8220; background_layout=&#8220;light&#8220; text_orientation=&#8220;left&#8220; use_border_color=&#8220;off&#8220; border_color=&#8220;#ffffff&#8220; border_style=&#8220;solid&#8220;]<\/p>\n<p><strong>Italian Ministries setzt sich daf\u00fcr ein, Missionsarbeit in Italien und von Italien aus zu erm\u00f6glichen. Momentan arbeitet IM auf verschiedenen Ebenen.<br \/>\n<\/strong><br \/>\n<strong>Network<\/strong> &#8211; IM verbindet gl\u00e4ubige Christen, die sich f\u00fcr die Missionsarbeit einsetzen. Durch &#8222;Gemeinschaft, Kommunikation und Zusammenarbeit&#8220; will man sich gegenseitig zur Verbindlichkeit f\u00fcr die Missionsarbeit ermutigen.<\/p>\n<p><strong>GMI<\/strong> &#8211; die Gruppe Missionare in Italien ist eine missionarische Dienstleistung und will Italiener in der Mission im In-und Ausland f\u00f6rdern. GMI ist unabh\u00e4ngig strukturiert, ist jedoch formell in IM eingebuden. F\u00fcr informationen: missioneGMI@gmail.com<\/p>\n<p><strong>OWI<\/strong> &#8211; das Buch &#8222;Operation World&#8220; (Gebet f\u00fcr die Welt) ist die Ausgangsbasis f\u00fcr Information \u00fcber die weltweite Mission. Seit langer Zeit besteht die Initiative &#8222;Operation World Italia&#8220;, die eine Quelle f\u00fcr das strategische und spezifische gebet f\u00fcr die Welt ist. Das Werk enth\u00e4lt Nachrichten, wichtige Informationen und konkrete Anliegen von jedem Land der Welt. Die Initiative wurde von einer Gruppe von Jungendlichen ins Leben gerufen und wird nun von IM koordiniert. Klicke auf: www.owitalia.org<\/p>\n<p><strong>Azione (Aktion)<\/strong> &#8211; Est ist Teil der Vision von IM, die italienischen Gemeinden auf die Wichtigkeit von Mission aufmerksam zu machen. Es besteht eine Verpflichtung von IM, herauszufinden, wo wohlt\u00e4tige Projekte getragen werden k\u00f6nnen. User Wunsch ist, den italienischen Gemeinden die M\u00f6glichkeit zu verschaffen, Werke und Missionsarbeiten, die in den sensibelsten L\u00e4ndern der Welt arbeiten, kennen zu lernen, diese im Gebet und finanziell mit zu tragen und praktisch zu unterst\u00fctzen. Unser Ziel ist nicht, eigene Zentren zu schaffen, sondern die bestehenden Arbeiten zu unterst\u00fctzen, die in den erw\u00e4hnten Arbeiten t\u00e4tig sind. F\u00fcr mehr Infos klicke heir (da creare il link!)<\/p>\n<p><strong>IM International<\/strong> &#8211; IM ist international vertreten in den USA, in Deutschland und in Gro\u00dfbritannien. Die Vertretungen sind legal gr\u00fcndet und stehen in engem Kontakt zur Mission in Italien.<\/p>\n<p><strong>Partner<\/strong> &#8211; IM arbeitet mit verschiedenen Missionsgesellschaften zusammem.<\/p>\n<p><strong>Unterst\u00fctzung<\/strong><br \/>\nIM bietet seinen Mitgliedern verschiedern Dienste an:<br \/>\n\u2022 Pastorale Seelsorge und Beratung: in enger Zusammenarbeit mit der lokalen Gemeinde; Weiterbildung auf dem Feld: in Zusammenarbeit mit den bestehenden Ausbildungsst\u00e4tten oder individuelle Empfehlungen.<\/p>\n<p>\u2022 Finanzielle Unterst\u00fctzung (f\u00fcr die Mitglieder von GMI): durch gleiche Teilung der nicht zweckgebundenen Gaben f\u00fcr die Missionsarbeit in Italien.<br \/>\n\u2022 Treffen f\u00fcr Mitglieder: auf regionaler und Ebene (Landeskonferenz).<br \/>\n\u2022 Literatur: n\u00fctzliche Literatur f\u00fcr den Dienst der Mitglieder (evangelistisch, seelsorgerlich).<br \/>\n\u2022 Evangelisationsteams: um die Arbeit der Mitglieder zu unterst\u00fctzen.<br \/>\n\u2022 F\u00f6rderung\/Austausch des Dienstes der Mitglieder:<br \/>\n&#8211; Auf nationaler Ebene durch ein Netz von Kontakten mit den lokalen Gemeinden;<br \/>\n&#8211; Durch webniars und sporadische Nachrichten (&#8222;Crescendo&#8220;);<br \/>\n&#8211; Auf internationaler Ebene durch die Vertretungen von Italian Ministries.<\/p>\n<p>[\/et_pb_text][\/et_pb_column][\/et_pb_row][\/et_pb_section]<\/p>\n","protected":false},"excerpt":{"rendered":"<p>Italian Ministries setzt sich daf\u00fcr ein, Missionsarbeit in Italien und von Italien aus zu erm\u00f6glichen. Momentan arbeitet IM auf verschiedenen Ebenen. Network &#8211; IM verbindet gl\u00e4ubige Christen, die sich f\u00fcr die Missionsarbeit einsetzen. Durch &#8222;Gemeinschaft, Kommunikation und Zusammenarbeit&#8220; will man sich gegenseitig zur Verbindlichkeit f\u00fcr die Missionsarbeit ermutigen. GMI &#8211; die Gruppe Missionare in Italien [&hellip;]<\/p>\n","protected":false},"author":2,"featured_media":0,"parent":0,"menu_order":15,"comment_status":"closed","ping_status":"closed","template":"","meta":{"_et_pb_use_builder":"on","_et_pb_old_content":"","_et_gb_content_width":"","footnotes":""},"class_list":["post-666","page","type-page","status-publish","hentry"],"_links":{"self":[{"href":"https:\/\/www.italianministries.org\/de\/wp-json\/wp\/v2\/pages\/666","targetHints":{"allow":["GET"]}}],"collection":[{"href":"https:\/\/www.italianministries.org\/de\/wp-json\/wp\/v2\/pages"}],"about":[{"href":"https:\/\/www.italianministries.org\/de\/wp-json\/wp\/v2\/types\/page"}],"author":[{"embeddable":true,"href":"https:\/\/www.italianministries.org\/de\/wp-json\/wp\/v2\/users\/2"}],"replies":[{"embeddable":true,"href":"https:\/\/www.italianministries.org\/de\/wp-json\/wp\/v2\/comments?post=666"}],"version-history":[{"count":5,"href":"https:\/\/www.italianministries.org\/de\/wp-json\/wp\/v2\/pages\/666\/revisions"}],"predecessor-version":[{"id":1193,"href":"https:\/\/www.italianministries.org\/de\/wp-json\/wp\/v2\/pages\/666\/revisions\/1193"}],"wp:attachment":[{"href":"https:\/\/www.italianministries.org\/de\/wp-json\/wp\/v2\/media?parent=666"}],"curies":[{"name":"wp","href":"https:\/\/api.w.org\/{rel}","templated":true}]}}