{"id":658,"date":"2017-01-27T17:21:59","date_gmt":"2017-01-27T16:21:59","guid":{"rendered":"http:\/\/www.italianministries.org\/de\/?page_id=658"},"modified":"2017-03-08T15:25:56","modified_gmt":"2017-03-08T14:25:56","slug":"658-2","status":"publish","type":"page","link":"https:\/\/www.italianministries.org\/de\/658-2\/","title":{"rendered":"\u00dcber uns"},"content":{"rendered":"<p>[et_pb_section transparent_background=&#8220;off&#8220; allow_player_pause=&#8220;off&#8220; inner_shadow=&#8220;off&#8220; parallax=&#8220;off&#8220; parallax_method=&#8220;on&#8220; make_fullwidth=&#8220;off&#8220; use_custom_width=&#8220;off&#8220; width_unit=&#8220;off&#8220; custom_width_px=&#8220;1080px&#8220; custom_width_percent=&#8220;80%&#8220; make_equal=&#8220;off&#8220; use_custom_gutter=&#8220;off&#8220; fullwidth=&#8220;on&#8220; specialty=&#8220;off&#8220; admin_label=&#8220;section&#8220; disabled=&#8220;off&#8220;][et_pb_fullwidth_image src=&#8220;http:\/\/www.italianministries.org\/wp-content\/uploads\/2015\/09\/about-1.jpg&#8220; show_in_lightbox=&#8220;off&#8220; url_new_window=&#8220;off&#8220; use_overlay=&#8220;off&#8220; animation=&#8220;left&#8220; admin_label=&#8220;Immagine a Larghezza Intera&#8220; use_border_color=&#8220;off&#8220; border_color=&#8220;#ffffff&#8220; border_width=&#8220;1px&#8220; border_style=&#8220;solid&#8220; disabled=&#8220;off&#8220;]<\/p>\n<p>[\/et_pb_fullwidth_image][\/et_pb_section][et_pb_section transparent_background=&#8220;off&#8220; allow_player_pause=&#8220;off&#8220; inner_shadow=&#8220;off&#8220; parallax=&#8220;off&#8220; parallax_method=&#8220;on&#8220; make_fullwidth=&#8220;off&#8220; use_custom_width=&#8220;off&#8220; width_unit=&#8220;off&#8220; custom_width_px=&#8220;1080px&#8220; custom_width_percent=&#8220;80%&#8220; make_equal=&#8220;off&#8220; use_custom_gutter=&#8220;off&#8220; fullwidth=&#8220;off&#8220; specialty=&#8220;off&#8220; admin_label=&#8220;section&#8220; disabled=&#8220;off&#8220;][et_pb_row make_fullwidth=&#8220;off&#8220; use_custom_width=&#8220;off&#8220; width_unit=&#8220;off&#8220; custom_width_px=&#8220;1080px&#8220; custom_width_percent=&#8220;80%&#8220; use_custom_gutter=&#8220;off&#8220; gutter_width=&#8220;3&#8243; allow_player_pause=&#8220;off&#8220; parallax=&#8220;off&#8220; parallax_method=&#8220;on&#8220; make_equal=&#8220;off&#8220; parallax_1=&#8220;off&#8220; parallax_method_1=&#8220;on&#8220; parallax_2=&#8220;off&#8220; parallax_method_2=&#8220;on&#8220; parallax_3=&#8220;off&#8220; parallax_method_3=&#8220;on&#8220; parallax_4=&#8220;off&#8220; parallax_method_4=&#8220;on&#8220; admin_label=&#8220;row&#8220; disabled=&#8220;off&#8220;][et_pb_column type=&#8220;4_4&#8243; disabled=&#8220;off&#8220; parallax=&#8220;off&#8220; parallax_method=&#8220;on&#8220;][et_pb_text background_layout=&#8220;light&#8220; text_orientation=&#8220;left&#8220; admin_label=&#8220;Testo&#8220; use_border_color=&#8220;off&#8220; border_style=&#8220;solid&#8220; disabled=&#8220;off&#8220;]<\/p>\n<p><strong>Italian Ministries ist ein missionarisches Netzwerk, das sich f\u00fcr die Missionsarbeit f\u00fcr, in und aus italien einsetzt.<br \/>\nIM <\/strong>will den biblisch evangelischen Glauben durch die Missionsarbeit verbreiten. Die Mitarbeiter wollen sich daf\u00fcr einsetzen, eine Sicht ganzheitlichen, menschlichen Existenz im biblisch evangelischen Sinn zu f\u00f6rdern.<\/p>\n<p>[\/et_pb_text][\/et_pb_column][\/et_pb_row][et_pb_row make_fullwidth=&#8220;off&#8220; use_custom_width=&#8220;off&#8220; width_unit=&#8220;off&#8220; custom_width_px=&#8220;1080px&#8220; custom_width_percent=&#8220;80%&#8220; use_custom_gutter=&#8220;off&#8220; gutter_width=&#8220;3&#8243; custom_padding=&#8220;0px|0px|25.015625px|0px&#8220; allow_player_pause=&#8220;off&#8220; parallax=&#8220;off&#8220; parallax_method=&#8220;on&#8220; make_equal=&#8220;off&#8220; parallax_1=&#8220;off&#8220; parallax_method_1=&#8220;on&#8220; parallax_2=&#8220;off&#8220; parallax_method_2=&#8220;on&#8220; parallax_3=&#8220;off&#8220; parallax_method_3=&#8220;on&#8220; parallax_4=&#8220;off&#8220; parallax_method_4=&#8220;on&#8220; admin_label=&#8220;row&#8220; disabled=&#8220;off&#8220;][et_pb_column type=&#8220;1_2&#8243; disabled=&#8220;off&#8220; parallax=&#8220;off&#8220; parallax_method=&#8220;on&#8220;][et_pb_text background_layout=&#8220;light&#8220; text_orientation=&#8220;left&#8220; admin_label=&#8220;Testo&#8220; use_border_color=&#8220;off&#8220; border_style=&#8220;solid&#8220; disabled=&#8220;off&#8220;]<\/p>\n<p><strong>Ziele<\/strong><br \/>\nItalian Ministries will:<br \/>\n\u2022 Das Evangelium in Italien verbreiten.<br \/>\n\u2022 Eine Sicht f\u00fcr Missionsarbeit in den Gemeinden in Italien f\u00f6rdern.<br \/>\n\u2022 Ein Netzwerk zwischen Missionaren entstehen lassen, die die gleiche Linie vertreten (like-minded).<br \/>\n\u2022 M\u00f6glichkeiten der Missionsarbeit f\u00fcr Italiener gestalten (in enger Zusammenarbeit mit GMI).<\/p>\n<p>[\/et_pb_text][\/et_pb_column][et_pb_column type=&#8220;1_2&#8243; disabled=&#8220;off&#8220; parallax=&#8220;off&#8220; parallax_method=&#8220;on&#8220;][et_pb_text background_layout=&#8220;light&#8220; text_orientation=&#8220;left&#8220; admin_label=&#8220;Testo&#8220; use_border_color=&#8220;off&#8220; border_style=&#8220;solid&#8220; disabled=&#8220;off&#8220;]<\/p>\n<p><strong>Unsere Geschichte<\/strong><br \/>\n1998 wurde die FEMI (Evangelische Bruderschaft f\u00fcr Missionare in Italien) von einer Gruppe von Missionaren (Kurt Jost, Giuseppe Palermo und Jonathan Gilmore) gegr\u00fcndet. Dies war eine Antwort auf ein wachsendes Bed\u00fcrfnis, als Missionare in Italien mehr Gemeinschaft zu erleben und Italienern die M\u00f6glichkeit zu geben, in die Mission zu gehen. 2006 hat Italian Ministries FEMI als Erbe \u00fcbernommen und baut das Anliegen aus, eine Vision und eine Verpflichtung f\u00fcr die Missionsarbeit zu entwickeln.<\/p>\n<p>[\/et_pb_text][\/et_pb_column][\/et_pb_row][et_pb_row make_fullwidth=&#8220;off&#8220; use_custom_width=&#8220;off&#8220; width_unit=&#8220;off&#8220; custom_width_px=&#8220;1080px&#8220; custom_width_percent=&#8220;80%&#8220; use_custom_gutter=&#8220;off&#8220; gutter_width=&#8220;3&#8243; custom_padding=&#8220;0px|0px|25.015625px|0px&#8220; allow_player_pause=&#8220;off&#8220; parallax=&#8220;off&#8220; parallax_method=&#8220;on&#8220; make_equal=&#8220;off&#8220; parallax_1=&#8220;off&#8220; parallax_method_1=&#8220;on&#8220; parallax_2=&#8220;off&#8220; parallax_method_2=&#8220;on&#8220; parallax_3=&#8220;off&#8220; parallax_method_3=&#8220;on&#8220; parallax_4=&#8220;off&#8220; parallax_method_4=&#8220;on&#8220; admin_label=&#8220;row&#8220; disabled=&#8220;off&#8220;][et_pb_column type=&#8220;4_4&#8243; disabled=&#8220;off&#8220; parallax=&#8220;off&#8220; parallax_method=&#8220;on&#8220;][et_pb_text background_layout=&#8220;light&#8220; text_orientation=&#8220;left&#8220; admin_label=&#8220;Testo&#8220; use_border_color=&#8220;off&#8220; border_style=&#8220;solid&#8220; disabled=&#8220;off&#8220;]<\/p>\n<p><strong>Was wir glauben<\/strong><br \/>\nItalian Ministries arbeitet mit den lokalen Gemeinden und anderen Gruppen (in Italien und im Ausland) zusammen und will eine Sicht f\u00fcr Mission f\u00f6rdern. IM bekennt sich zu folgenden Glaubenspunkten:<\/p>\n<p>\u2022\u00a0<strong>Die Bibel<\/strong>\u00a0\u2013 wir glauben an die g\u00f6ttliche und w\u00f6rtliche Inspiration der Bibel, an ihre perfekte und unfehlbare Autorit\u00e4t.<br \/>\n\u2022\u00a0<strong>Gott<\/strong>\u00a0\u2013 wir glauben an den alleinigen Gott: Vater, Sohn und Heiliger Geist.<br \/>\n\u2022\u00a0<strong>Jesus Christus<\/strong>\u00a0\u2013 wir glauben an seine Gottheit und sein ganzheitliches Menschsein, an sein Erl\u00f6sungswerk und seine baldige Wiederkunft.<br \/>\n\u2022\u00a0<strong>Heiliger Geist<\/strong>\u00a0\u2013 wir glauben an den Heiligen Geist, an seine Gottheit und Pers\u00f6nlichkeit, und wir glauben, dass Er von dem Gl\u00e4ubigen im Moment der Bekehrung empfangen wird. Wir glauben, dass Er in all denen wohnt, die an Jesus Christus glauben und an sein Wirken in der Gemeinde.<br \/>\n\u2022\u00a0<strong>Der Mensch und die S\u00fcnde<\/strong>\u00a0\u2013 wir glauben, dass der Mensch gefallen ist und die ganze Menschheit unter der Herrschaft Satans und in der Auflehnung, dem Verderben und der Verdammnis liegt.<br \/>\n\u2022\u00a0<strong>Die Rettung<\/strong>\u00a0\u2013 wir glauben, dass der Mensch allein durch die Gnade Gottes gerechtfertigt ist, die durch den Glauben an Jesus Christus empfangen wird. Wir glauben an die Notwendigkeit der Busse und Wiedergeburt, die zu einem Leben in Heiligung und Hingabe f\u00fchrt; an das Zeugnis im Dienst zur Verherrlichung Gottes durch den Heiligen Geist.<br \/>\n\u2022\u00a0<strong>Die Gemeinde<\/strong>\u00a0\u2013 wir glauben an die weltweite Gemeinde, die Gemeinschaft der von Jesus erretteten Menschen. Die wahre und einzige Einheit besteht im alleinigen Haupt: Jesus Christus.<br \/>\n\u2022\u00a0<strong>Die Zukunft<\/strong>\u00a0\u2013 wir glauben an die Auferstehung aller Menschen, an die ewige Freude der Erl\u00f6sten und an die ewige Verdammnis der unbu\u00dffertigen S\u00fcnder.<\/p>\n<p>[\/et_pb_text][\/et_pb_column][\/et_pb_row][\/et_pb_section]<\/p>\n","protected":false},"excerpt":{"rendered":"<p>Italian Ministries ist ein missionarisches Netzwerk, das sich f\u00fcr die Missionsarbeit f\u00fcr, in und aus italien einsetzt. IM will den biblisch evangelischen Glauben durch die Missionsarbeit verbreiten. Die Mitarbeiter wollen sich daf\u00fcr einsetzen, eine Sicht ganzheitlichen, menschlichen Existenz im biblisch evangelischen Sinn zu f\u00f6rdern. Ziele Italian Ministries will: \u2022 Das Evangelium in Italien verbreiten. \u2022 [&hellip;]<\/p>\n","protected":false},"author":1,"featured_media":0,"parent":0,"menu_order":1,"comment_status":"closed","ping_status":"closed","template":"","meta":{"_et_pb_use_builder":"on","_et_pb_old_content":"","_et_gb_content_width":"","footnotes":""},"class_list":["post-658","page","type-page","status-publish","hentry"],"_links":{"self":[{"href":"https:\/\/www.italianministries.org\/de\/wp-json\/wp\/v2\/pages\/658","targetHints":{"allow":["GET"]}}],"collection":[{"href":"https:\/\/www.italianministries.org\/de\/wp-json\/wp\/v2\/pages"}],"about":[{"href":"https:\/\/www.italianministries.org\/de\/wp-json\/wp\/v2\/types\/page"}],"author":[{"embeddable":true,"href":"https:\/\/www.italianministries.org\/de\/wp-json\/wp\/v2\/users\/1"}],"replies":[{"embeddable":true,"href":"https:\/\/www.italianministries.org\/de\/wp-json\/wp\/v2\/comments?post=658"}],"version-history":[{"count":10,"href":"https:\/\/www.italianministries.org\/de\/wp-json\/wp\/v2\/pages\/658\/revisions"}],"predecessor-version":[{"id":1461,"href":"https:\/\/www.italianministries.org\/de\/wp-json\/wp\/v2\/pages\/658\/revisions\/1461"}],"wp:attachment":[{"href":"https:\/\/www.italianministries.org\/de\/wp-json\/wp\/v2\/media?parent=658"}],"curies":[{"name":"wp","href":"https:\/\/api.w.org\/{rel}","templated":true}]}}